{"id":186,"date":"2024-04-25T13:47:58","date_gmt":"2024-04-25T17:47:58","guid":{"rendered":"http:\/\/localhost\/tp1\/?page_id=186"},"modified":"2024-05-02T15:33:57","modified_gmt":"2024-05-02T19:33:57","slug":"apropos","status":"publish","type":"page","link":"https:\/\/8551312.cpsw-fcsei.com\/cms_tp2_agritrack\/apropos\/","title":{"rendered":"\u00c0 propos"},"content":{"rendered":"\n<div class=\"wp-block-group has-global-padding is-layout-constrained wp-block-group-is-layout-constrained\">\n<div class=\"wp-block-cover\"><span aria-hidden=\"true\" class=\"wp-block-cover__background has-background-dim-0 has-background-dim\" style=\"background-color:#787e83\"><\/span><img loading=\"lazy\" decoding=\"async\" width=\"1074\" height=\"738\" class=\"wp-block-cover__image-background wp-image-242\" alt=\"\" src=\"https:\/\/8551312.cpsw-fcsei.com\/cms_tp2_agritrack\/wp-content\/uploads\/2024\/04\/image_acceuil.png\" data-object-fit=\"cover\"\/><div class=\"wp-block-cover__inner-container has-global-padding is-layout-constrained wp-block-cover-is-layout-constrained\">\n<div class=\"wp-block-buttons is-content-justification-right is-layout-flex wp-container-core-buttons-is-layout-d445cf74 wp-block-buttons-is-layout-flex\">\n<div class=\"wp-block-button\"><a class=\"wp-block-button__link has-custom-jdyellow-background-color has-background wp-element-button\" href=\"https:\/\/8551312.cpsw-fcsei.com\/cms_tp2_agritrack\/services\/\">Services<\/a><\/div>\n\n\n\n<div class=\"wp-block-button\"><a class=\"wp-block-button__link has-custom-jdyellow-background-color has-background wp-element-button\" href=\"http:\/\/https:\/\/8551312.cpsw-fcsei.com\/cms_tp2_agritrack\/#infolettre\">Infolettre<\/a><\/div>\n<\/div>\n<\/div><\/div>\n<\/div>\n\n\n\n<div class=\"wp-block-group alignfull has-base-2-background-color has-background has-global-padding is-layout-constrained wp-container-core-group-is-layout-669513ed wp-block-group-is-layout-constrained\" id=\"mission\" style=\"margin-top:0;margin-bottom:0;padding-top:var(--wp--preset--spacing--50);padding-right:var(--wp--preset--spacing--50);padding-bottom:var(--wp--preset--spacing--50);padding-left:var(--wp--preset--spacing--50)\">\n<div class=\"wp-block-group is-vertical is-content-justification-center is-layout-flex wp-container-core-group-is-layout-52b864f0 wp-block-group-is-layout-flex\">\n<h2 class=\"wp-block-heading has-text-align-center is-style-asterisk\">Notre Mission<\/h2>\n\n\n\n<div style=\"height:0px\" aria-hidden=\"true\" class=\"wp-block-spacer wp-container-content-4f2ccadb\"><\/div>\n\n\n\n<p class=\"has-text-align-center\">Notre suite de professionel est toujours a l&#8217;\u00e9coute d&#8217;une client\u00e8le exigente!<\/p>\n<\/div>\n\n\n\n<div style=\"margin-top:0;margin-bottom:0;height:var(--wp--preset--spacing--40)\" aria-hidden=\"true\" class=\"wp-block-spacer\"><\/div>\n\n\n\n<div class=\"wp-block-columns alignwide is-layout-flex wp-container-core-columns-is-layout-d0bbbce0 wp-block-columns-is-layout-flex\">\n<div class=\"wp-block-column is-layout-flow wp-container-core-column-is-layout-e3d1c41b wp-block-column-is-layout-flow\">\n<h3 class=\"wp-block-heading has-text-align-left is-style-asterisk has-body-font-family has-medium-font-size\" style=\"font-style:normal;font-weight:600\">R\u00e9novation et restauration<\/h3>\n\n\n\n<p class=\"has-text-align-left\">Exp\u00e9rimentez l&#8217;expert en peinture  et d\u00e9capage de rouille qui d\u00e9fie imagination  expertise des \u00e9tudes  de l&#8217;architecture.<\/p>\n<\/div>\n\n\n\n<div class=\"wp-block-column is-layout-flow wp-container-core-column-is-layout-e3d1c41b wp-block-column-is-layout-flow\">\n<h3 class=\"wp-block-heading has-text-align-left is-style-asterisk has-body-font-family has-medium-font-size\" style=\"font-style:normal;font-weight:600\">Support continue<\/h3>\n\n\n\n<p class=\"has-text-align-left\">Exp\u00e9rimentez l&#8217;expert du support  par t\u00e9l\u00e9phone   pour vous supportez et vous encourager en cas de panne mageure.<\/p>\n<\/div>\n\n\n\n<div class=\"wp-block-column is-layout-flow wp-container-core-column-is-layout-e3d1c41b wp-block-column-is-layout-flow\">\n<h3 class=\"wp-block-heading has-text-align-left is-style-asterisk has-body-font-family has-medium-font-size\" style=\"font-style:normal;font-weight:600\">Acc\u00e8s facile aux m\u00e9caniciens<\/h3>\n\n\n\n<p class=\"has-text-align-left\">Exp\u00e9rimentez l&#8217;expert en m\u00e9canique qui trouve un prob\u00e8me de  plus que vous ne saviez pas et qui co\u00fbte le double de ce vous pr\u00e9voyez comme r\u00e9parations.<\/p>\n<\/div>\n<\/div>\n\n\n\n<div style=\"height:var(--wp--preset--spacing--20)\" aria-hidden=\"true\" class=\"wp-block-spacer\"><\/div>\n\n\n\n<div class=\"wp-block-columns alignwide is-layout-flex wp-container-core-columns-is-layout-d0bbbce0 wp-block-columns-is-layout-flex\">\n<div class=\"wp-block-column is-layout-flow wp-container-core-column-is-layout-e3d1c41b wp-block-column-is-layout-flow\">\n<h3 class=\"wp-block-heading has-text-align-left is-style-asterisk has-body-font-family has-medium-font-size\" style=\"font-style:normal;font-weight:600\">Consultant en am\u00e9lioration.<\/h3>\n\n\n\n<p class=\"has-text-align-left\">Exp\u00e9rimentez l&#8217;expert de la vente au cost pour un nouveau  tracteur avec l&#8217;\u00e9tudes approfondis de vos besoins inutils .<\/p>\n<\/div>\n\n\n\n<div class=\"wp-block-column is-layout-flow wp-container-core-column-is-layout-e3d1c41b wp-block-column-is-layout-flow\">\n<h3 class=\"wp-block-heading has-text-align-left is-style-asterisk has-body-font-family has-medium-font-size\" style=\"font-style:normal;font-weight:600\">Project de d&#8217;augmentation de puissance!<\/h3>\n\n\n\n<p class=\"has-text-align-left\">Exp\u00e9rimentez l&#8217;expert en moteur pour bouster au maximum votre v8 \u00e0 16 vitesse qui roule en bas de 60 kmh.<\/p>\n<\/div>\n\n\n\n<div class=\"wp-block-column is-layout-flow wp-container-core-column-is-layout-e3d1c41b wp-block-column-is-layout-flow\">\n<h3 class=\"wp-block-heading has-text-align-left is-style-asterisk has-body-font-family has-medium-font-size\" style=\"font-style:normal;font-weight:600\">Solution pour la structure m\u00e9canique<\/h3>\n\n\n\n<p class=\"has-text-align-left\">Exp\u00e9rimentez l&#8217;expert en culasse pour pr\u00e9venir la fente pr\u00e9matur\u00e9e du bloc de propulsion.<\/p>\n<\/div>\n<\/div>\n<\/div>\n\n\n\n<div class=\"wp-block-group alignfull has-global-padding is-layout-constrained wp-container-core-group-is-layout-669513ed wp-block-group-is-layout-constrained\" id=\"equipe\" style=\"margin-top:0;margin-bottom:0;padding-top:var(--wp--preset--spacing--50);padding-right:var(--wp--preset--spacing--50);padding-bottom:var(--wp--preset--spacing--50);padding-left:var(--wp--preset--spacing--50)\">\n<div class=\"wp-block-group is-vertical is-content-justification-center is-layout-flex wp-container-core-group-is-layout-ce155fab wp-block-group-is-layout-flex\">\n<h2 class=\"wp-block-heading has-text-align-center has-xx-large-font-size\">Notre \u00c9quipe<\/h2>\n\n\n\n<p class=\"has-text-align-center\">Notre \u00e9quipe de professionnels est toujours l\u00e0 pour r\u00e9pondre rapidement \u00e0 la demande de nos client les plus rigoureux!<\/p>\n<\/div>\n\n\n\n<div style=\"height:var(--wp--preset--spacing--30)\" aria-hidden=\"true\" class=\"wp-block-spacer\"><\/div>\n\n\n\n<div class=\"wp-block-columns alignwide is-layout-flex wp-container-core-columns-is-layout-4935966c wp-block-columns-is-layout-flex\" style=\"padding-right:0;padding-left:0\">\n<div class=\"wp-block-column is-layout-flow wp-block-column-is-layout-flow\">\n<figure class=\"wp-block-image size-full is-style-rounded is-style-rounded--1\"><img decoding=\"async\" src=\"http:\/\/localhost\/tp1\/wp-content\/uploads\/2024\/04\/equipe4-1.png\" alt=\"\" class=\"wp-image-91\" style=\"aspect-ratio:1;object-fit:cover\"\/><\/figure>\n\n\n\n<div class=\"wp-block-group is-vertical is-content-justification-center is-nowrap is-layout-flex wp-container-core-group-is-layout-21d4e958 wp-block-group-is-layout-flex\">\n<p class=\"has-text-align-center has-small-font-size\">Agathe Pichette<\/p>\n\n\n\n<p class=\"has-text-align-center has-small-font-size\">Aviseure technique<\/p>\n<\/div>\n<\/div>\n\n\n\n<div class=\"wp-block-column is-layout-flow wp-block-column-is-layout-flow\">\n<figure class=\"wp-block-image size-full is-style-rounded is-style-rounded--2\"><img decoding=\"async\" src=\"http:\/\/localhost\/tp1\/wp-content\/uploads\/2024\/04\/equipe1-1.png\" alt=\"\" class=\"wp-image-90\" style=\"aspect-ratio:1;object-fit:cover\"\/><\/figure>\n\n\n\n<div class=\"wp-block-group is-vertical is-content-justification-center is-nowrap is-layout-flex wp-container-core-group-is-layout-63bfd6c1 wp-block-group-is-layout-flex\">\n<p class=\"has-text-align-center has-small-font-size\">Larry Bambell<\/p>\n\n\n\n<p class=\"has-text-align-center has-small-font-size\"> Chef de service<\/p>\n<\/div>\n<\/div>\n\n\n\n<div class=\"wp-block-column is-layout-flow wp-block-column-is-layout-flow\">\n<figure class=\"wp-block-image size-full is-style-rounded is-style-rounded--3\"><img decoding=\"async\" src=\"http:\/\/localhost\/tp1\/wp-content\/uploads\/2024\/04\/equipe2-1.png\" alt=\"\" class=\"wp-image-89\" style=\"aspect-ratio:1;object-fit:cover\"\/><\/figure>\n\n\n\n<div class=\"wp-block-group is-vertical is-content-justification-center is-nowrap is-layout-flex wp-container-core-group-is-layout-63bfd6c1 wp-block-group-is-layout-flex\">\n<p class=\"has-text-align-center has-small-font-size\">Ben Dover<\/p>\n\n\n\n<p class=\"has-text-align-center has-small-font-size\">M\u00e9canicien<\/p>\n<\/div>\n<\/div>\n\n\n\n<div class=\"wp-block-column is-layout-flow wp-block-column-is-layout-flow\">\n<figure class=\"wp-block-image size-full is-style-rounded is-style-rounded--4\"><img decoding=\"async\" src=\"http:\/\/localhost\/tp1\/wp-content\/uploads\/2024\/04\/equipe3-1.png\" alt=\"\" class=\"wp-image-92\" style=\"aspect-ratio:1;object-fit:cover\"\/><\/figure>\n\n\n\n<div class=\"wp-block-group is-vertical is-content-justification-center is-nowrap is-layout-flex wp-container-core-group-is-layout-21d4e958 wp-block-group-is-layout-flex\">\n<p class=\"has-text-align-center has-small-font-size\"><strong>Phil Mckrackin<\/strong><\/p>\n\n\n\n<p class=\"has-text-align-center has-small-font-size\">Chef de direction<\/p>\n<\/div>\n<\/div>\n<\/div>\n<\/div>\n\n\n\n<div class=\"wp-block-group alignfull has-accent-3-color has-text-color has-background has-link-color wp-elements-1d2cd5c01d8a5c63d1c8069dffe39945 is-vertical is-content-justification-center is-layout-flex wp-container-core-group-is-layout-623b1cb9 wp-block-group-is-layout-flex\" id=\"Infolettre\" style=\"background:linear-gradient(180deg,rgb(151,60,32) 50%,rgb(39,39,39) 65%);min-height:11vh;margin-top:0;margin-bottom:0;padding-top:var(--wp--preset--spacing--60);padding-right:var(--wp--preset--spacing--50);padding-bottom:var(--wp--preset--spacing--60);padding-left:var(--wp--preset--spacing--50)\">\n<div id=\"infolettre\" class=\"wp-block-group has-global-padding is-layout-constrained wp-block-group-is-layout-constrained\">\n<figure class=\"wp-block-image aligncenter size-full is-resized\"><img decoding=\"async\" src=\"http:\/\/localhost\/tp1\/wp-content\/themes\/twentytwentyfour\/assets\/images\/icon-message.webp\" alt=\"\" style=\"aspect-ratio:0.9183673469387755;object-fit:cover;width:205px;height:auto\"\/><\/figure>\n\n\n\n<div style=\"height:var(--wp--preset--spacing--10)\" aria-hidden=\"true\" class=\"wp-block-spacer\"><\/div>\n\n\n\n<h2 class=\"wp-block-heading has-text-align-center has-contrast-color has-text-color has-link-color has-x-large-font-size wp-elements-a3579d3a389168ba838540d708fd4e98\" style=\"margin-right:0;margin-left:0;padding-right:0;padding-left:0\">Inscrivez-vous a notre infolettre et restez \u00e0 l&#8217;aff\u00fbt des derni\u00e8res technologie agricole!<\/h2>\n\n\n\n<div style=\"height:var(--wp--preset--spacing--10)\" aria-hidden=\"true\" class=\"wp-block-spacer\"><\/div>\n\n\n\n<div class=\"wp-block-buttons is-content-justification-center is-layout-flex wp-container-core-buttons-is-layout-a89b3969 wp-block-buttons-is-layout-flex\">\n<div class=\"wp-block-button\"><a class=\"wp-block-button__link has-custom-jdyellow-background-color has-background wp-element-button\" href=\"#\">Inscrivez-vous<\/a><\/div>\n<\/div>\n<\/div>\n<\/div>\n","protected":false},"excerpt":{"rendered":"<p>Notre Mission Notre suite de professionel est toujours a l&#8217;\u00e9coute d&#8217;une client\u00e8le exigente! R\u00e9novation et restauration Exp\u00e9rimentez l&#8217;expert en peinture et d\u00e9capage de rouille qui d\u00e9fie imagination expertise des \u00e9tudes de l&#8217;architecture. Support continue Exp\u00e9rimentez l&#8217;expert du support par t\u00e9l\u00e9phone pour vous supportez et vous encourager en cas de panne mageure. Acc\u00e8s facile aux m\u00e9caniciens [&hellip;]<\/p>\n","protected":false},"author":1,"featured_media":0,"parent":0,"menu_order":0,"comment_status":"closed","ping_status":"closed","template":"","meta":{"footnotes":""},"class_list":["post-186","page","type-page","status-publish","hentry"],"_links":{"self":[{"href":"https:\/\/8551312.cpsw-fcsei.com\/cms_tp2_agritrack\/wp-json\/wp\/v2\/pages\/186","targetHints":{"allow":["GET"]}}],"collection":[{"href":"https:\/\/8551312.cpsw-fcsei.com\/cms_tp2_agritrack\/wp-json\/wp\/v2\/pages"}],"about":[{"href":"https:\/\/8551312.cpsw-fcsei.com\/cms_tp2_agritrack\/wp-json\/wp\/v2\/types\/page"}],"author":[{"embeddable":true,"href":"https:\/\/8551312.cpsw-fcsei.com\/cms_tp2_agritrack\/wp-json\/wp\/v2\/users\/1"}],"replies":[{"embeddable":true,"href":"https:\/\/8551312.cpsw-fcsei.com\/cms_tp2_agritrack\/wp-json\/wp\/v2\/comments?post=186"}],"version-history":[{"count":35,"href":"https:\/\/8551312.cpsw-fcsei.com\/cms_tp2_agritrack\/wp-json\/wp\/v2\/pages\/186\/revisions"}],"predecessor-version":[{"id":579,"href":"https:\/\/8551312.cpsw-fcsei.com\/cms_tp2_agritrack\/wp-json\/wp\/v2\/pages\/186\/revisions\/579"}],"wp:attachment":[{"href":"https:\/\/8551312.cpsw-fcsei.com\/cms_tp2_agritrack\/wp-json\/wp\/v2\/media?parent=186"}],"curies":[{"name":"wp","href":"https:\/\/api.w.org\/{rel}","templated":true}]}}