{"id":184,"date":"2024-04-25T13:45:14","date_gmt":"2024-04-25T17:45:14","guid":{"rendered":"http:\/\/localhost\/tp1\/?page_id=184"},"modified":"2024-05-02T16:47:49","modified_gmt":"2024-05-02T20:47:49","slug":"services","status":"publish","type":"page","link":"https:\/\/8551312.cpsw-fcsei.com\/cms_tp2_agritrack\/services\/","title":{"rendered":"Services"},"content":{"rendered":"\n<div class=\"wp-block-group alignfull has-global-padding is-layout-constrained wp-container-core-group-is-layout-f611be13 wp-block-group-is-layout-constrained\" style=\"padding-top:var(--wp--preset--spacing--50);padding-right:var(--wp--preset--spacing--50);padding-bottom:var(--wp--preset--spacing--50);padding-left:var(--wp--preset--spacing--50)\">\n<div class=\"wp-block-group has-global-padding is-layout-constrained wp-container-core-group-is-layout-650790e1 wp-block-group-is-layout-constrained\">\n<h1 class=\"wp-block-heading has-text-align-center\">Nos services toujours de qualit\u00e9 sup\u00e9rieure<\/h1>\n<\/div>\n<\/div>\n\n\n\n<div class=\"wp-block-media-text alignwide has-media-on-the-right is-vertically-aligned-center has-base-2-background-color has-background\" style=\"grid-template-columns:auto 85%\"><div class=\"wp-block-media-text__content\">\n<div class=\"wp-block-buttons is-layout-flex wp-block-buttons-is-layout-flex\">\n<div class=\"wp-block-button\"><a class=\"wp-block-button__link has-custom-jdyellow-background-color has-background wp-element-button\" href=\"#vedette\">Services vedette<\/a><\/div>\n\n\n\n<div class=\"wp-block-button\"><a class=\"wp-block-button__link has-custom-jdyellow-background-color has-background wp-element-button\" href=\"https:\/\/8551312.cpsw-fcsei.com\/cms_tp2_agritrack\/apropos\/\">\u00c0 propos<\/a><\/div>\n<\/div>\n<\/div><figure class=\"wp-block-media-text__media\"><img loading=\"lazy\" decoding=\"async\" width=\"726\" height=\"538\" src=\"https:\/\/8551312.cpsw-fcsei.com\/cms_tp2_agritrack\/wp-content\/uploads\/2024\/04\/tracteur_mission-1.png\" alt=\"\" class=\"wp-image-297 size-full\"\/><\/figure><\/div>\n\n\n\n<div class=\"wp-block-group alignfull has-global-padding is-layout-constrained wp-container-core-group-is-layout-669513ed wp-block-group-is-layout-constrained\" style=\"margin-top:0;margin-bottom:0;padding-top:var(--wp--preset--spacing--50);padding-right:var(--wp--preset--spacing--50);padding-bottom:var(--wp--preset--spacing--50);padding-left:var(--wp--preset--spacing--50)\">\n<div class=\"wp-block-group alignwide has-base-2-background-color has-background has-global-padding is-layout-constrained wp-container-core-group-is-layout-a151063b wp-block-group-is-layout-constrained\" style=\"border-radius:16px;padding-top:var(--wp--preset--spacing--50);padding-right:var(--wp--preset--spacing--40);padding-bottom:var(--wp--preset--spacing--50);padding-left:var(--wp--preset--spacing--40)\">\n<h2 class=\"wp-block-heading has-text-align-center\">Nos services<\/h2>\n\n\n\n<div class=\"wp-block-columns alignwide is-layout-flex wp-container-core-columns-is-layout-06670bbc wp-block-columns-is-layout-flex\">\n<div class=\"wp-block-column is-layout-flow wp-block-column-is-layout-flow\">\n<p class=\"has-text-align-center\" style=\"margin-top:var(--wp--preset--spacing--10);font-size:clamp(0.875rem, 0.875rem + ((1vw - 0.2rem) * 0.417), 1.125rem);\">Nous offerrons des options de paiement flexibles qui s&#8217;adaptent \u00e0 vos besoins.<\/p>\n<\/div>\n<\/div>\n\n\n\n<div class=\"wp-block-group alignwide has-base-2-background-color has-background has-global-padding is-layout-constrained wp-container-core-group-is-layout-a151063b wp-block-group-is-layout-constrained\" style=\"border-radius:16px;padding-top:var(--wp--preset--spacing--50);padding-right:var(--wp--preset--spacing--40);padding-bottom:var(--wp--preset--spacing--50);padding-left:var(--wp--preset--spacing--40)\">\n<div style=\"height:var(--wp--preset--spacing--30)\" aria-hidden=\"true\" class=\"wp-block-spacer\"><\/div>\n\n\n\n<div class=\"wp-block-columns alignwide is-layout-flex wp-container-core-columns-is-layout-06670bbc wp-block-columns-is-layout-flex\">\n<div class=\"wp-block-column is-layout-flow wp-block-column-is-layout-flow\" style=\"border-top-color:var(--wp--preset--color--contrast-3);border-top-width:1px;padding-top:var(--wp--preset--spacing--30);padding-right:var(--wp--preset--spacing--30);padding-bottom:var(--wp--preset--spacing--10);padding-left:var(--wp--preset--spacing--30)\">\n<h2 class=\"wp-block-heading has-text-align-center has-large-font-size\" style=\"padding-top:1px\">Changement d&#8217;huile<\/h2>\n\n\n\n<h5 class=\"wp-block-heading has-text-align-center has-x-large-font-size\">$600<\/h5>\n\n\n\n<div style=\"height:var(--wp--preset--spacing--10)\" aria-hidden=\"true\" class=\"wp-block-spacer\"><\/div>\n\n\n\n<div class=\"wp-block-group is-vertical is-content-justification-stretch is-layout-flex wp-container-core-group-is-layout-353c4f5a wp-block-group-is-layout-flex\">\n<p class=\"has-text-align-center\">Avec inspection du syst\u00e8me de freinage.<\/p>\n\n\n\n<hr class=\"wp-block-separator has-text-color has-contrast-3-color has-alpha-channel-opacity has-contrast-3-background-color has-background is-style-wide\"\/>\n\n\n\n<p class=\"has-text-align-center has-contrast-2-color has-text-color has-link-color wp-elements-a386ce3772e47953f5916493d1f47147\"> Rabais sur pieces r\u00e9usin\u00e9e<\/p>\n\n\n\n<hr class=\"wp-block-separator has-text-color has-contrast-3-color has-alpha-channel-opacity has-contrast-3-background-color has-background is-style-wide\"\/>\n\n\n\n<p class=\"has-text-align-center has-contrast-2-color has-text-color has-link-color wp-elements-ad498c6a85e2740a5b4b7e1e4172317c\">Recalibrage complet du syst\u00e8me d&#8217;injection, soufflage de bougies et des filtres a habitacle. <\/p>\n<\/div>\n\n\n\n<div class=\"wp-block-buttons is-content-justification-center is-layout-flex wp-container-core-buttons-is-layout-a89b3969 wp-block-buttons-is-layout-flex\">\n<div class=\"wp-block-button has-custom-width wp-block-button__width-100 is-style-outline is-style-outline--1\"><a class=\"wp-block-button__link has-base-color has-custom-jdyellow-background-color has-text-color has-background has-link-color wp-element-button\">inscrivez-vous ici<\/a><\/div>\n<\/div>\n<\/div>\n\n\n\n<div class=\"wp-block-column is-layout-flow wp-block-column-is-layout-flow\" style=\"border-top-color:var(--wp--preset--color--contrast);border-top-width:2px;padding-top:var(--wp--preset--spacing--30);padding-right:var(--wp--preset--spacing--30);padding-bottom:var(--wp--preset--spacing--10);padding-left:var(--wp--preset--spacing--30)\">\n<h4 class=\"wp-block-heading has-text-align-center is-style-default has-large-font-size\">Entretien g\u00e9n\u00e9ral<\/h4>\n\n\n\n<h5 class=\"wp-block-heading has-text-align-center has-x-large-font-size\">$1200<\/h5>\n\n\n\n<div style=\"height:var(--wp--preset--spacing--10)\" aria-hidden=\"true\" class=\"wp-block-spacer\"><\/div>\n\n\n\n<p class=\"has-text-align-center\">Inspection exclusive en 20<em> points. <\/em>Avec remplissage de la baterie.<\/p>\n\n\n\n<div class=\"wp-block-group is-vertical is-content-justification-stretch is-layout-flex wp-container-core-group-is-layout-353c4f5a wp-block-group-is-layout-flex\">\n<hr class=\"wp-block-separator has-text-color has-contrast-3-color has-alpha-channel-opacity has-contrast-3-background-color has-background is-style-wide\"\/>\n\n\n\n<p class=\"has-text-align-center\">Rapport de suivi d\u00e9taill\u00e9<\/p>\n\n\n\n<hr class=\"wp-block-separator has-text-color has-contrast-3-color has-alpha-channel-opacity has-contrast-3-background-color has-background is-style-wide\"\/>\n\n\n\n<p class=\"has-text-align-center\">Acc\u00e8s exclusif aux rabais sur nos pi\u00e8ces \u00e9valu\u00e9e. Dans nos diff\u00e9rents articles<\/p>\n<\/div>\n\n\n\n<div style=\"height:var(--wp--preset--spacing--10)\" aria-hidden=\"true\" class=\"wp-block-spacer\"><\/div>\n\n\n\n<div class=\"wp-block-buttons is-content-justification-center is-layout-flex wp-container-core-buttons-is-layout-a89b3969 wp-block-buttons-is-layout-flex\">\n<div class=\"wp-block-button has-custom-width wp-block-button__width-100 is-style-fill\"><a class=\"wp-block-button__link has-custom-jdyellow-background-color has-background wp-element-button\">Inscrivez- vous ici<\/a><\/div>\n<\/div>\n<\/div>\n\n\n\n<div class=\"wp-block-column is-layout-flow wp-block-column-is-layout-flow\" style=\"border-top-color:var(--wp--preset--color--contrast-3);border-top-width:1px;padding-top:var(--wp--preset--spacing--30);padding-right:var(--wp--preset--spacing--30);padding-bottom:var(--wp--preset--spacing--10);padding-left:var(--wp--preset--spacing--30)\">\n<h4 class=\"wp-block-heading has-text-align-center has-large-font-size\" style=\"padding-top:1px\">\n\t\t\t\t\t<em>Expert<\/em>\n\t\t\t\t<\/h4>\n\n\n\n<h5 class=\"wp-block-heading has-text-align-center has-x-large-font-size\">$2800<\/h5>\n\n\n\n<div style=\"height:var(--wp--preset--spacing--10)\" aria-hidden=\"true\" class=\"wp-block-spacer\"><\/div>\n\n\n\n<div class=\"wp-block-group is-vertical is-content-justification-stretch is-layout-flex wp-container-core-group-is-layout-353c4f5a wp-block-group-is-layout-flex\">\n<p class=\"has-text-align-center\">Inspection exclusive en 70<em> points. <\/em>Avec remplissage de tout les liquides.(sauf di\u00e9sel)<\/p>\n\n\n\n<hr class=\"wp-block-separator has-text-color has-contrast-3-color has-alpha-channel-opacity has-contrast-3-background-color has-background is-style-wide\"\/>\n\n\n\n<p class=\"has-text-align-center\">un changement d&#8217;huile gratuit<\/p>\n\n\n\n<hr class=\"wp-block-separator has-text-color has-contrast-3-color has-alpha-channel-opacity has-contrast-3-background-color has-background is-style-wide\"\/>\n\n\n\n<p class=\"has-text-align-center\">Incluant lubrification compl\u00e8te du train arri\u00e8re et du syst\u00e8me diff\u00e9rentiel.<\/p>\n<\/div>\n\n\n\n<div style=\"height:var(--wp--preset--spacing--10)\" aria-hidden=\"true\" class=\"wp-block-spacer\"><\/div>\n\n\n\n<div class=\"wp-block-buttons is-content-justification-center is-layout-flex wp-container-core-buttons-is-layout-a89b3969 wp-block-buttons-is-layout-flex\">\n<div class=\"wp-block-button has-custom-width wp-block-button__width-100 is-style-outline is-style-outline--2\"><a class=\"wp-block-button__link has-base-2-color has-custom-jdyellow-background-color has-text-color has-background has-link-color wp-element-button\">Inscrivez-vous ici<\/a><\/div>\n<\/div>\n<\/div>\n<\/div>\n\n\n\n<h2 class=\"wp-block-heading\">Au plaisir de faire affaire avec vous!<\/h2>\n<\/div>\n<\/div>\n<\/div>\n\n\n\n<div class=\"wp-block-group alignwide has-global-padding is-layout-constrained wp-container-core-group-is-layout-31a0af73 wp-block-group-is-layout-constrained\" id=\"vedette\" style=\"min-height:500px;margin-top:var(--wp--preset--spacing--30);margin-bottom:var(--wp--preset--spacing--30);padding-top:var(--wp--preset--spacing--40);padding-right:var(--wp--preset--spacing--50);padding-bottom:var(--wp--preset--spacing--40);padding-left:var(--wp--preset--spacing--50)\">\n<h2 class=\"wp-block-heading\">Promotion<\/h2>\n\n\n\n<h2 class=\"wp-block-heading\">Services vedette<\/h2>\n\n\n<ul class=\"wp-block-latest-posts__list is-grid columns-3 alignwide wp-block-latest-posts\"><li><div class=\"wp-block-latest-posts__featured-image\"><a href=\"https:\/\/8551312.cpsw-fcsei.com\/cms_tp2_agritrack\/les-filtres-a-air-en-vedette\/\" aria-label=\"Les filtres \u00e0 air en vedette!\"><img loading=\"lazy\" decoding=\"async\" width=\"150\" height=\"150\" src=\"https:\/\/8551312.cpsw-fcsei.com\/cms_tp2_agritrack\/wp-content\/uploads\/2024\/05\/air2-150x150.png\" class=\"attachment-thumbnail size-thumbnail wp-post-image\" alt=\"\" style=\"max-width:1000px;max-height:1000px;\" \/><\/a><\/div><a class=\"wp-block-latest-posts__post-title\" href=\"https:\/\/8551312.cpsw-fcsei.com\/cms_tp2_agritrack\/les-filtres-a-air-en-vedette\/\">Les filtres \u00e0 air en vedette!<\/a><div class=\"wp-block-latest-posts__post-excerpt\">\ud83c\udf1f Promotion Exceptionnelle sur les Filtres \u00e0 Air pour Tracteurs! \ud83d\ude9c Assurez-vous\u2026 <a class=\"wp-block-latest-posts__read-more\" href=\"https:\/\/8551312.cpsw-fcsei.com\/cms_tp2_agritrack\/les-filtres-a-air-en-vedette\/\" rel=\"noopener noreferrer\">Read more<span class=\"screen-reader-text\">: Les filtres \u00e0 air en vedette!<\/span><\/a><\/div><\/li>\n<li><div class=\"wp-block-latest-posts__featured-image\"><a href=\"https:\/\/8551312.cpsw-fcsei.com\/cms_tp2_agritrack\/les-pneus-en-vedette\/\" aria-label=\"Les pneus en Vedette!\"><img loading=\"lazy\" decoding=\"async\" width=\"150\" height=\"150\" src=\"https:\/\/8551312.cpsw-fcsei.com\/cms_tp2_agritrack\/wp-content\/uploads\/2024\/05\/pneus4-150x150.png\" class=\"attachment-thumbnail size-thumbnail wp-post-image\" alt=\"\" style=\"max-width:1000px;max-height:1000px;\" \/><\/a><\/div><a class=\"wp-block-latest-posts__post-title\" href=\"https:\/\/8551312.cpsw-fcsei.com\/cms_tp2_agritrack\/les-pneus-en-vedette\/\">Les pneus en Vedette!<\/a><div class=\"wp-block-latest-posts__post-excerpt\">\ud83c\udf1f Offre Sp\u00e9ciale sur le Changement de Pneus pour Tracteurs! \ud83d\ude9c Pr\u00e9parez-vous\u2026 <a class=\"wp-block-latest-posts__read-more\" href=\"https:\/\/8551312.cpsw-fcsei.com\/cms_tp2_agritrack\/les-pneus-en-vedette\/\" rel=\"noopener noreferrer\">Read more<span class=\"screen-reader-text\">: Les pneus en Vedette!<\/span><\/a><\/div><\/li>\n<li><div class=\"wp-block-latest-posts__featured-image\"><a href=\"https:\/\/8551312.cpsw-fcsei.com\/cms_tp2_agritrack\/changement-dhuile\/\" aria-label=\"L&#8217;huile en vedette!\"><img loading=\"lazy\" decoding=\"async\" width=\"150\" height=\"150\" src=\"https:\/\/8551312.cpsw-fcsei.com\/cms_tp2_agritrack\/wp-content\/uploads\/2024\/05\/huile3-150x150.png\" class=\"attachment-thumbnail size-thumbnail wp-post-image\" alt=\"\" style=\"max-width:1000px;max-height:1000px;\" \/><\/a><\/div><a class=\"wp-block-latest-posts__post-title\" href=\"https:\/\/8551312.cpsw-fcsei.com\/cms_tp2_agritrack\/changement-dhuile\/\">L&#8217;huile en vedette!<\/a><div class=\"wp-block-latest-posts__post-excerpt\">\ud83c\udf1f Sp\u00e9cial Printanier! \ud83d\ude9c Ne manquez pas nos offres exceptionnelles sur les\u2026 <a class=\"wp-block-latest-posts__read-more\" href=\"https:\/\/8551312.cpsw-fcsei.com\/cms_tp2_agritrack\/changement-dhuile\/\" rel=\"noopener noreferrer\">Read more<span class=\"screen-reader-text\">: L&#8217;huile en vedette!<\/span><\/a><\/div><\/li>\n<\/ul><\/div>\n\n\n\n<div class=\"wp-block-group alignfull has-accent-3-color has-text-color has-background has-link-color wp-elements-c167a3a7672ceabfb179bcd3e725026e has-global-padding is-layout-constrained wp-container-core-group-is-layout-873ee6b1 wp-block-group-is-layout-constrained\" style=\"background:linear-gradient(180deg,rgb(151,60,32) 50%,rgb(39,39,39) 65%);min-height:11vh;margin-top:0;margin-bottom:0;padding-top:var(--wp--preset--spacing--60);padding-right:var(--wp--preset--spacing--50);padding-bottom:var(--wp--preset--spacing--60);padding-left:var(--wp--preset--spacing--50)\">\n<div id=\"infolettre\" class=\"wp-block-group has-global-padding is-layout-constrained wp-block-group-is-layout-constrained\">\n<figure class=\"wp-block-image aligncenter size-full is-resized\"><img decoding=\"async\" src=\"http:\/\/localhost\/tp1\/wp-content\/themes\/twentytwentyfour\/assets\/images\/icon-message.webp\" alt=\"\" style=\"aspect-ratio:0.9183673469387755;object-fit:cover;width:205px;height:auto\"\/><\/figure>\n\n\n\n<div style=\"height:var(--wp--preset--spacing--10)\" aria-hidden=\"true\" class=\"wp-block-spacer\"><\/div>\n\n\n\n<h2 class=\"wp-block-heading has-text-align-center has-contrast-color has-text-color has-link-color has-x-large-font-size wp-elements-a3579d3a389168ba838540d708fd4e98\" style=\"margin-right:0;margin-left:0;padding-right:0;padding-left:0\">Inscrivez-vous a notre infolettre et restez \u00e0 l&#8217;aff\u00fbt des derni\u00e8res technologie agricole!<\/h2>\n\n\n\n<div style=\"height:var(--wp--preset--spacing--10)\" aria-hidden=\"true\" class=\"wp-block-spacer\"><\/div>\n\n\n\n<div class=\"wp-block-buttons is-content-justification-center is-layout-flex wp-container-core-buttons-is-layout-a89b3969 wp-block-buttons-is-layout-flex\">\n<div class=\"wp-block-button\"><a class=\"wp-block-button__link has-custom-jdyellow-background-color has-background wp-element-button\" href=\"#\">Inscrivez-vous<\/a><\/div>\n<\/div>\n<\/div>\n<\/div>\n","protected":false},"excerpt":{"rendered":"<p>Nos services toujours de qualit\u00e9 sup\u00e9rieure Nos services Nous offerrons des options de paiement flexibles qui s&#8217;adaptent \u00e0 vos besoins. Changement d&#8217;huile $600 Avec inspection du syst\u00e8me de freinage. Rabais sur pieces r\u00e9usin\u00e9e Recalibrage complet du syst\u00e8me d&#8217;injection, soufflage de bougies et des filtres a habitacle. Entretien g\u00e9n\u00e9ral $1200 Inspection exclusive en 20 points. Avec [&hellip;]<\/p>\n","protected":false},"author":1,"featured_media":0,"parent":0,"menu_order":0,"comment_status":"closed","ping_status":"closed","template":"","meta":{"footnotes":""},"class_list":["post-184","page","type-page","status-publish","hentry"],"_links":{"self":[{"href":"https:\/\/8551312.cpsw-fcsei.com\/cms_tp2_agritrack\/wp-json\/wp\/v2\/pages\/184","targetHints":{"allow":["GET"]}}],"collection":[{"href":"https:\/\/8551312.cpsw-fcsei.com\/cms_tp2_agritrack\/wp-json\/wp\/v2\/pages"}],"about":[{"href":"https:\/\/8551312.cpsw-fcsei.com\/cms_tp2_agritrack\/wp-json\/wp\/v2\/types\/page"}],"author":[{"embeddable":true,"href":"https:\/\/8551312.cpsw-fcsei.com\/cms_tp2_agritrack\/wp-json\/wp\/v2\/users\/1"}],"replies":[{"embeddable":true,"href":"https:\/\/8551312.cpsw-fcsei.com\/cms_tp2_agritrack\/wp-json\/wp\/v2\/comments?post=184"}],"version-history":[{"count":50,"href":"https:\/\/8551312.cpsw-fcsei.com\/cms_tp2_agritrack\/wp-json\/wp\/v2\/pages\/184\/revisions"}],"predecessor-version":[{"id":587,"href":"https:\/\/8551312.cpsw-fcsei.com\/cms_tp2_agritrack\/wp-json\/wp\/v2\/pages\/184\/revisions\/587"}],"wp:attachment":[{"href":"https:\/\/8551312.cpsw-fcsei.com\/cms_tp2_agritrack\/wp-json\/wp\/v2\/media?parent=184"}],"curies":[{"name":"wp","href":"https:\/\/api.w.org\/{rel}","templated":true}]}}