{"id":16,"date":"2024-04-13T13:49:27","date_gmt":"2024-04-13T17:49:27","guid":{"rendered":"http:\/\/localhost\/tp1\/?page_id=10"},"modified":"2024-05-02T15:50:09","modified_gmt":"2024-05-02T19:50:09","slug":"welcome","status":"publish","type":"page","link":"https:\/\/8551312.cpsw-fcsei.com\/cms_tp2_agritrack\/","title":{"rendered":"Agritrack Expert"},"content":{"rendered":"\n<div class=\"wp-block-cover alignfull\" style=\"min-height:957px;aspect-ratio:unset;\"><span aria-hidden=\"true\" class=\"wp-block-cover__background has-background-dim\"><\/span><img decoding=\"async\" class=\"wp-block-cover__image-background wp-image-25\" alt=\"\" src=\"http:\/\/localhost\/tp1\/wp-content\/uploads\/2024\/04\/image_acceuil-1024x704.png\" data-object-fit=\"cover\"\/><div class=\"wp-block-cover__inner-container is-layout-flow wp-block-cover-is-layout-flow\">\n<div class=\"wp-block-buttons is-layout-flex wp-block-buttons-is-layout-flex\">\n<div class=\"wp-block-button\"><a class=\"wp-block-button__link has-custom-jdyellow-background-color has-background wp-element-button\" href=\"http:\/\/https:\/\/8551312.cpsw-fcsei.com\/cms_tp2_agritrack\/services\/\">Services<\/a><\/div>\n\n\n\n<div class=\"wp-block-button\"><a class=\"wp-block-button__link has-custom-jdyellow-background-color has-background wp-element-button\" href=\"#infolettre\">Infolettre<\/a><\/div>\n<\/div>\n\n\n\n<blockquote class=\"wp-block-quote has-background is-layout-flow wp-block-quote-is-layout-flow\" style=\"background-color:#4e5c4987\">\n<p>La revue agricole<\/p>\n<cite>Le milieu agricole est celui qui a re\u00e7u le plus d&#8217;innovation technologique apr\u00e8s l&#8217;arm\u00e9e.<\/cite><\/blockquote>\n<\/div><\/div>\n\n\n\n<div class=\"wp-block-group alignfull is-vertical is-layout-flex wp-container-core-group-is-layout-056709a1 wp-block-group-is-layout-flex\" id=\"publication\" style=\"margin-top:0;margin-bottom:0;padding-top:var(--wp--preset--spacing--50);padding-right:var(--wp--preset--spacing--50);padding-bottom:var(--wp--preset--spacing--50);padding-left:var(--wp--preset--spacing--50)\">\n<h2 class=\"wp-block-heading alignwide\" id=\"publication\">Derni\u00e8res publications du service des pi\u00e8ces<\/h2>\n\n\n\n<p><\/p>\n\n\n\n<figure class=\"wp-block-gallery has-nested-images columns-default is-cropped wp-block-gallery-1 is-layout-flex wp-block-gallery-is-layout-flex\">\n<figure class=\"wp-block-image size-full\"><img loading=\"lazy\" decoding=\"async\" width=\"879\" height=\"581\" data-id=\"240\" src=\"https:\/\/8551312.cpsw-fcsei.com\/cms_tp2_agritrack\/wp-content\/uploads\/2024\/04\/gear_pump1.png\" alt=\"\" class=\"wp-image-240\"\/><\/figure>\n\n\n\n<figure class=\"wp-block-image size-full\"><img loading=\"lazy\" decoding=\"async\" width=\"495\" height=\"428\" data-id=\"231\" src=\"https:\/\/8551312.cpsw-fcsei.com\/cms_tp2_agritrack\/wp-content\/uploads\/2024\/04\/bodyvalve1.png\" alt=\"\" class=\"wp-image-231\"\/><\/figure>\n\n\n\n<figure class=\"wp-block-image size-full\"><img loading=\"lazy\" decoding=\"async\" width=\"413\" height=\"413\" data-id=\"239\" src=\"https:\/\/8551312.cpsw-fcsei.com\/cms_tp2_agritrack\/wp-content\/uploads\/2024\/04\/fuelpmp3.png\" alt=\"\" class=\"wp-image-239\"\/><\/figure>\n<\/figure>\n\n\n<ul class=\"wp-block-latest-posts__list is-grid columns-3 alignwide wp-block-latest-posts\"><li><div class=\"wp-block-latest-posts__featured-image\"><\/div><a class=\"wp-block-latest-posts__post-title\" href=\"https:\/\/8551312.cpsw-fcsei.com\/cms_tp2_agritrack\/pompes-hydrauliques\/\">Pompes hydrauliques<\/a><div class=\"wp-block-latest-posts__post-excerpt\">Les pompes hydrauliques pour tracteurs sont des composants essentiels des syst\u00e8mes hydrauliques, alimentant en fluide sous pression les diff\u00e9rents actionneurs hydrauliques du v\u00e9hicule. Voici quelques-uns des types\u2026 <a class=\"wp-block-latest-posts__read-more\" href=\"https:\/\/8551312.cpsw-fcsei.com\/cms_tp2_agritrack\/pompes-hydrauliques\/\" rel=\"noopener noreferrer\">Read more<span class=\"screen-reader-text\">: Pompes hydrauliques<\/span><\/a><\/div><\/li>\n<li><div class=\"wp-block-latest-posts__featured-image\"><\/div><a class=\"wp-block-latest-posts__post-title\" href=\"https:\/\/8551312.cpsw-fcsei.com\/cms_tp2_agritrack\/valves-de-corps\/\">Valves de corps<\/a><div class=\"wp-block-latest-posts__post-excerpt\">Les valves de corps pour transmission hydraulique sont des \u00e9l\u00e9ments cruciaux des syst\u00e8mes hydrauliques des tracteurs. Elles contr\u00f4lent le d\u00e9bit, la pression et la direction du fluide\u2026 <a class=\"wp-block-latest-posts__read-more\" href=\"https:\/\/8551312.cpsw-fcsei.com\/cms_tp2_agritrack\/valves-de-corps\/\" rel=\"noopener noreferrer\">Read more<span class=\"screen-reader-text\">: Valves de corps<\/span><\/a><\/div><\/li>\n<li><div class=\"wp-block-latest-posts__featured-image\"><\/div><a class=\"wp-block-latest-posts__post-title\" href=\"https:\/\/8551312.cpsw-fcsei.com\/cms_tp2_agritrack\/pompes-a-carburant\/\">Pompes \u00e0 carburant<\/a><div class=\"wp-block-latest-posts__post-excerpt\">Les pompes \u00e0 carburant pour tracteurs sont des composants essentiels pour assurer un bon fonctionnement des moteurs agricoles. Elles sont responsables de l&#8217;alimentation en carburant du moteur,\u2026 <a class=\"wp-block-latest-posts__read-more\" href=\"https:\/\/8551312.cpsw-fcsei.com\/cms_tp2_agritrack\/pompes-a-carburant\/\" rel=\"noopener noreferrer\">Read more<span class=\"screen-reader-text\">: Pompes \u00e0 carburant<\/span><\/a><\/div><\/li>\n<\/ul><\/div>\n\n\n\n<div class=\"wp-block-group alignfull has-accent-3-color has-text-color has-background has-link-color wp-elements-77a305b444279f2f7317e7b8974b11c1 is-vertical is-content-justification-center is-layout-flex wp-container-core-group-is-layout-623b1cb9 wp-block-group-is-layout-flex\" style=\"background:linear-gradient(180deg,rgb(151,60,32) 50%,rgb(39,39,39) 65%);min-height:11vh;margin-top:0;margin-bottom:0;padding-top:var(--wp--preset--spacing--60);padding-right:var(--wp--preset--spacing--50);padding-bottom:var(--wp--preset--spacing--60);padding-left:var(--wp--preset--spacing--50)\">\n<div id=\"infolettre\" class=\"wp-block-group has-global-padding is-layout-constrained wp-block-group-is-layout-constrained\">\n<figure class=\"wp-block-image aligncenter size-full is-resized\"><img decoding=\"async\" src=\"http:\/\/localhost\/tp1\/wp-content\/themes\/twentytwentyfour\/assets\/images\/icon-message.webp\" alt=\"\" style=\"aspect-ratio:0.9183673469387755;object-fit:cover;width:205px;height:auto\"\/><\/figure>\n\n\n\n<div style=\"height:var(--wp--preset--spacing--10)\" aria-hidden=\"true\" class=\"wp-block-spacer\"><\/div>\n\n\n\n<h2 class=\"wp-block-heading has-text-align-center has-contrast-color has-text-color has-link-color has-x-large-font-size wp-elements-a3579d3a389168ba838540d708fd4e98\" style=\"margin-right:0;margin-left:0;padding-right:0;padding-left:0\">Inscrivez-vous a notre infolettre et restez \u00e0 l&#8217;aff\u00fbt des derni\u00e8res technologie agricole!<\/h2>\n\n\n\n<div style=\"height:var(--wp--preset--spacing--10)\" aria-hidden=\"true\" class=\"wp-block-spacer\"><\/div>\n\n\n\n<div class=\"wp-block-buttons is-content-justification-center is-layout-flex wp-container-core-buttons-is-layout-a89b3969 wp-block-buttons-is-layout-flex\">\n<div class=\"wp-block-button\"><a class=\"wp-block-button__link has-custom-jdyellow-background-color has-background wp-element-button\" href=\"#\">Inscrivez-vous<\/a><\/div>\n<\/div>\n<\/div>\n<\/div>\n","protected":false},"excerpt":{"rendered":"<p>Derni\u00e8res publications du service des pi\u00e8ces Inscrivez-vous a notre infolettre et restez \u00e0 l&#8217;aff\u00fbt des derni\u00e8res technologie agricole!<\/p>\n","protected":false},"author":1,"featured_media":0,"parent":186,"menu_order":0,"comment_status":"closed","ping_status":"closed","template":"","meta":{"footnotes":""},"class_list":["post-16","page","type-page","status-publish","hentry"],"_links":{"self":[{"href":"https:\/\/8551312.cpsw-fcsei.com\/cms_tp2_agritrack\/wp-json\/wp\/v2\/pages\/16","targetHints":{"allow":["GET"]}}],"collection":[{"href":"https:\/\/8551312.cpsw-fcsei.com\/cms_tp2_agritrack\/wp-json\/wp\/v2\/pages"}],"about":[{"href":"https:\/\/8551312.cpsw-fcsei.com\/cms_tp2_agritrack\/wp-json\/wp\/v2\/types\/page"}],"author":[{"embeddable":true,"href":"https:\/\/8551312.cpsw-fcsei.com\/cms_tp2_agritrack\/wp-json\/wp\/v2\/users\/1"}],"replies":[{"embeddable":true,"href":"https:\/\/8551312.cpsw-fcsei.com\/cms_tp2_agritrack\/wp-json\/wp\/v2\/comments?post=16"}],"version-history":[{"count":46,"href":"https:\/\/8551312.cpsw-fcsei.com\/cms_tp2_agritrack\/wp-json\/wp\/v2\/pages\/16\/revisions"}],"predecessor-version":[{"id":583,"href":"https:\/\/8551312.cpsw-fcsei.com\/cms_tp2_agritrack\/wp-json\/wp\/v2\/pages\/16\/revisions\/583"}],"up":[{"embeddable":true,"href":"https:\/\/8551312.cpsw-fcsei.com\/cms_tp2_agritrack\/wp-json\/wp\/v2\/pages\/186"}],"wp:attachment":[{"href":"https:\/\/8551312.cpsw-fcsei.com\/cms_tp2_agritrack\/wp-json\/wp\/v2\/media?parent=16"}],"curies":[{"name":"wp","href":"https:\/\/api.w.org\/{rel}","templated":true}]}}